{"id":878,"date":"2024-05-29T15:30:12","date_gmt":"2024-05-29T18:30:12","guid":{"rendered":"https:\/\/ingenieriabiologicaymedica.uc.cl\/courses-and-programming\/"},"modified":"2025-07-17T17:09:48","modified_gmt":"2025-07-17T20:09:48","slug":"courses-and-programming","status":"publish","type":"page","link":"https:\/\/ingenieriabiologicaymedica.uc.cl\/en\/education-programs\/courses-and-programming\/","title":{"rendered":"Courses and programming"},"content":{"rendered":"<div id=\"pl-878\"  class=\"panel-layout\" ><div id=\"pg-878-0\"  class=\"container\" ><div class=\"row panel-row-style panel-row-style-for-878-0\" ><div id=\"pgc-878-0-0\"  class=\"col-12\" ><div id=\"panel-878-0-0-0\" class=\"so-panel widget widget_sow-editor panel-first-child\" data-index=\"0\" ><div\n\t\t\t\n\t\t\tclass=\"so-widget-sow-editor so-widget-sow-editor-base\"\n\t\t\t\n\t\t>\n<div class=\"siteorigin-widget-tinymce textwidget\">\n\t<p>The Institute of Biological and Medical Engineering has both undergraduate and graduate courses, which are distributed both in the first and second semesters of the year.<\/p>\n<\/div>\n<\/div><\/div><div id=\"panel-878-0-0-1\" class=\"so-panel widget widget_sow-tabs-uc panel-last-child\" data-index=\"1\" ><div\n\t\t\t\n\t\t\tclass=\"so-widget-sow-tabs-uc so-widget-sow-tabs-uc-default-d75171398898-878\"\n\t\t\t\n\t\t>\n\n<div class=\"uc-tabpanel mb-40\" data-tabpanel>\n    <div class=\"row\">\n        <div class=\"col-lg-4\">\n            <!-- Tabs mobile se muestran como Select -->\n            <div class=\"uc-card card-bg--gray card-radius--none card-border--none d-block d-lg-none mb-32\">\n                <div class=\"uc-card_body\">\n                    <label for=\"tabSelect-uc-1\"><strong>Seleccione tab<\/strong><\/label>\n                    <select name=\"tabSelect-uc-1\" id=\"tabSelect-uc-1\" class=\"uc-input-style\" data-tabselect>\n                                                                                    <option value=\"tab-uc-1-0\">1st semester of the year - Undergraduate courses<\/option>\n                                                                                                                <option value=\"tab-uc-1-1\">2nd semester of the year - Undergraduate courses<\/option>\n                                                                                                                <option value=\"tab-uc-1-2\">2nd semester of the year - Postgraduate courses<\/option>\n                                                                        <\/select>\n                <\/div>\n            <\/div>\n            <!-- Tabs en desktop se muestran como botones -->\n            <ul class=\"uc-vertical-tabs d-none d-lg-flex\">\n                                    <li class=\"uc-vertical-tabs_item\">  \n                                                        <a href=\"javascript:void(0);\" class=\"uc-vertical-tabs_item-link\" data-tabtarget=\"tab-uc-1-0\" data-tabactive>1st semester of the year - Undergraduate courses<\/a>\n                                            <\/li>\n                                    <li class=\"uc-vertical-tabs_item\">  \n                                                        <a href=\"javascript:void(0);\" class=\"uc-vertical-tabs_item-link\" data-tabtarget=\"tab-uc-1-1\" >2nd semester of the year - Undergraduate courses<\/a>\n                                            <\/li>\n                                    <li class=\"uc-vertical-tabs_item\">  \n                                                        <a href=\"javascript:void(0);\" class=\"uc-vertical-tabs_item-link\" data-tabtarget=\"tab-uc-1-2\" >2nd semester of the year - Postgraduate courses<\/a>\n                                            <\/li>\n                            <\/ul>\n        <\/div>\n        <div class=\"col-lg-8\">\n            <div class=\"uc-tab-body\">\n                                                            <div data-tab=\"tab-uc-1-0\">\n                            <div class=\"heading-container mb-40\">\n                                <h2 class=\"mb-0\">1st semester of the year - Undergraduate courses<\/h2>\n                                <div class=\"uc-heading-decoration\"><\/div>\n                            <\/div>\n                            <p>During the first semester of the year, a total of 7 undergraduate courses are held, of which 5 are associated with the Major and 2 are undergraduate courses in other areas taught by professors of the Institute. To access the course brochure click <a href=\"https:\/\/ingenieriabiologicaymedica.uc.cl\/es\/cursos-y-programacion\/51-oferta-cursos-pregrado-iibm-2021-1\/file\">here<\/a>. <\/p>\n<p><strong>  Majors-related undergraduate courses<\/strong><\/p>\n<table class=\"uc-table w-full\">\n<thead>\n<tr>\n<th>Acronym<\/th>\n<th>Course Title<\/th>\n<th>Teacher<\/th>\n<\/tr>\n<\/thead>\n<tbody>\n<tr>\n<td>IBM1005<\/td>\n<td>Introduction to Biomedical Engineering (Major exploratory course).<\/td>\n<td>Marcelo And\u00eda &amp; Ronal Coronado<\/td>\n<\/tr>\n<tr>\n<td>IBM2020<\/td>\n<td>Introduction to Biomechanics (Biomedical Engineering Minor).<\/td>\n<td>Daniel Hurtado<\/td>\n<\/tr>\n<tr>\n<td>IBM2122<\/td>\n<td>Design in Biomedical Engineering I (Minimum of Major). <\/td>\n<td>Vicente Parot<\/td>\n<\/tr>\n<tr>\n<td>IBM2121<\/td>\n<td>Biomaterials (Minor).<\/td>\n<td>Tom\u00e1s Ega\u00f1a<\/td>\n<\/tr>\n<tr>\n<td>IBM2026<\/td>\n<td>Prototype Design in Bioengineering (Elective).<\/td>\n<td>Tobias Wenzel &amp; Fern\u00e1n Federici<\/td>\n<\/tr>\n<\/tbody>\n<\/table>\n<p>&nbsp;<\/p>\n<p><strong>Other undergraduate courses taught by IBM professors<\/strong><\/p>\n<table class=\"uc-table w-full\">\n<thead>\n<tr>\n<th>Acronym<\/th>\n<th>Course Title<\/th>\n<th>Teacher<\/th>\n<\/tr>\n<\/thead>\n<tbody>\n<tr>\n<td>IBM1102<\/td>\n<td>Building A Sustainable Future: Innovation and Entrepreneurship in the Sciences.<\/td>\n<td>Flavia Zacconi<\/td>\n<\/tr>\n<\/tbody>\n<\/table>\n                        <\/div>\n                                                                                <div data-tab=\"tab-uc-1-1\">\n                            <div class=\"heading-container mb-40\">\n                                <h2 class=\"mb-0\">2nd semester of the year - Undergraduate courses<\/h2>\n                                <div class=\"uc-heading-decoration\"><\/div>\n                            <\/div>\n                            <p>During the second semester of the year, a total of 8 undergraduate courses are held, 5 of which are associated with the Majors, and the other 3 are undergraduate courses in other areas taught by professors of the Institute. Click <a href=\"https:\/\/ingenieriabiologicaymedica.uc.cl\/es\/documentos\/cursos\/149-programacion-cursos-ibm-2022-2-pregrado\/file\">here<\/a> to access the course brochure. <\/p>\n<p><strong>  Majors-related undergraduate courses<\/strong><\/p>\n<table class=\"uc-table w-full\">\n<thead>\n<tr>\n<th>Acronym<\/th>\n<th>Course Title<\/th>\n<th>Teacher<\/th>\n<\/tr>\n<\/thead>\n<tbody>\n<tr>\n<td>IBM1005<\/td>\n<td>Introduction to Biomedical Engineering<\/td>\n<td>Marcelo And\u00eda &amp; Ronal Coronado<\/td>\n<\/tr>\n<tr>\n<td>IBM2012<\/td>\n<td>Physiological Monitoring and Data Analysis<\/td>\n<td>Maria Rodriguez<\/td>\n<\/tr>\n<tr>\n<td>IBM2123<\/td>\n<td>Design in Biomedical Engineering II <\/td>\n<td>Vicente Parot<\/td>\n<\/tr>\n<tr>\n<td>IBM1101<\/td>\n<td>Knowing Our Brain: Myths, Mysteries and Challenges.<\/td>\n<td>Tom\u00e1s Ossand\u00f3n<\/td>\n<\/tr>\n<\/tbody>\n<\/table>\n<p>&nbsp;<\/p>\n<p><strong>Other undergraduate courses taught by IIBM professors<\/strong><\/p>\n<table class=\"uc-table w-full\">\n<thead>\n<tr>\n<th>Acronym<\/th>\n<th>Course Title<\/th>\n<th>Teacher<\/th>\n<\/tr>\n<\/thead>\n<tbody>\n<tr>\n<td>BIO399E<\/td>\n<td>Synthetic Biology: Biological Machines<\/td>\n<td>Fern\u00e1n Federici<\/td>\n<\/tr>\n<tr>\n<td>BIO266E<\/td>\n<td>Biochemistry II Laboratory: Molecular Genetics<\/td>\n<td>Fern\u00e1n Federici<\/td>\n<\/tr>\n<tr>\n<td>IMT2230<\/td>\n<td>Advanced Linear Algebra and Modeling<\/td>\n<td>Carlos Sing-Long<\/td>\n<\/tr>\n<\/tbody>\n<\/table>\n                        <\/div>\n                                                                                <div data-tab=\"tab-uc-1-2\">\n                            <div class=\"heading-container mb-40\">\n                                <h2 class=\"mb-0\">2nd semester of the year - Postgraduate courses<\/h2>\n                                <div class=\"uc-heading-decoration\"><\/div>\n                            <\/div>\n                            <p>During the second semester of the year, a total of 8 postgraduate courses are offered, 4 of which are part of the minimum courses of the IBM Master's and Doctorate programs and the other 4 are elective courses taught by the Institute's professors. <a href=\"https:\/\/ingenieriabiologicaymedica.uc.cl\/wp-content\/uploads\/2024\/05\/Programacion-cursos-IBM-2022-2-postgrado.pdf\" target=\"_blank\" rel=\"noopener\">Click here<\/a> to access the course brochure. <\/p>\n<p><strong>Minimum courses of the IBM postgraduate program<\/strong><\/p>\n<table class=\"uc-table w-full\">\n<thead>\n<tr>\n<th>Acronym<\/th>\n<th>Course Title<\/th>\n<th>Teacher<\/th>\n<\/tr>\n<\/thead>\n<tbody>\n<tr>\n<td>IBM3102<\/td>\n<td>Advanced topics in BME II<\/td>\n<td>Andrea Ravasio &amp; Ren\u00e9 Botnar<\/td>\n<\/tr>\n<tr>\n<td>IBM3104<\/td>\n<td>Statistical Methods for BME<\/td>\n<td>Maria Rodriguez<\/td>\n<\/tr>\n<tr>\n<td>IBM3107<\/td>\n<td>Innovation and Entrepreneurship in BME<\/td>\n<td>Flavia Zacconi<\/td>\n<\/tr>\n<tr>\n<td>IBM3113<\/td>\n<td>Interdisciplinary Seminar (Science Club)<\/td>\n<td>Andrea Ravasio<\/td>\n<\/tr>\n<\/tbody>\n<\/table>\n<p>&nbsp;<\/p>\n<p><strong>Postgraduate elective courses taught by IIBM professors<\/strong><\/p>\n<table class=\"uc-table w-full\">\n<thead>\n<tr>\n<th>Acronym<\/th>\n<th>Course Title<\/th>\n<th>Teacher<\/th>\n<\/tr>\n<\/thead>\n<tbody>\n<tr>\n<td>IBM3202<\/td>\n<td>Molecular Modeling and Simulation<\/td>\n<td>Cesar Ramirez<\/td>\n<\/tr>\n<tr>\n<td>IBM3401<\/td>\n<td>Mechanobiology of diseases<\/td>\n<td>Andrea Ravasio<\/td>\n<\/tr>\n<tr>\n<td>IBM3402<\/td>\n<td>Machine learning informed by physical models<\/td>\n<td>Francisco Sahli<\/td>\n<\/tr>\n<tr>\n<td>IBM3501<\/td>\n<td>Interdisciplinary scientific communication<\/td>\n<td>Ximena S\u00e1nchez &amp; Tom\u00e1s Ega\u00f1a<\/td>\n<\/tr>\n<\/tbody>\n<\/table>\n                        <\/div>\n                                                <\/div>\n        <\/div>\n    <\/div>\n<\/div><\/div><\/div><\/div><\/div><\/div><\/div>","protected":false},"excerpt":{"rendered":"<p>The Institute of Biological and Medical Engineering has both undergraduate and graduate courses, which are distributed both in the first and second semesters of the year.<\/p>\n","protected":false},"author":1,"featured_media":2132,"parent":1169,"menu_order":4,"comment_status":"closed","ping_status":"closed","template":"","meta":{"footnotes":""},"class_list":["post-878","page","type-page","status-publish","has-post-thumbnail","hentry"],"yoast_head":"<!-- This site is optimized with the Yoast SEO plugin v27.2 - https:\/\/yoast.com\/product\/yoast-seo-wordpress\/ -->\n<title>Courses and programming%<\/title>\n<meta name=\"description\" content=\"continuing education in biomedicine and engineering with workshops, diploma courses and specialized activities.\" \/>\n<meta name=\"robots\" content=\"index, follow, max-snippet:-1, max-image-preview:large, max-video-preview:-1\" \/>\n<link rel=\"canonical\" href=\"https:\/\/ingenieriabiologicaymedica.uc.cl\/en\/education-programs\/courses-and-programming\/\" \/>\n<meta property=\"og:locale\" content=\"en_US\" \/>\n<meta property=\"og:type\" content=\"article\" \/>\n<meta property=\"og:title\" content=\"Courses and programming%\" \/>\n<meta property=\"og:description\" content=\"continuing education in biomedicine and engineering with workshops, diploma courses and specialized activities.\" \/>\n<meta property=\"og:url\" content=\"https:\/\/ingenieriabiologicaymedica.uc.cl\/en\/education-programs\/courses-and-programming\/\" \/>\n<meta property=\"og:site_name\" content=\"Institute for Biological and Medical Engineering\" \/>\n<meta property=\"article:modified_time\" content=\"2025-07-17T20:09:48+00:00\" \/>\n<meta property=\"og:image\" content=\"https:\/\/ingenieriabiologicaymedica.uc.cl\/wp-content\/uploads\/2025\/07\/4-Cursos-y-programacion-scaled.jpg\" \/>\n\t<meta property=\"og:image:width\" content=\"2560\" \/>\n\t<meta property=\"og:image:height\" content=\"1707\" \/>\n\t<meta property=\"og:image:type\" content=\"image\/jpeg\" \/>\n<meta name=\"twitter:card\" content=\"summary_large_image\" \/>\n<script type=\"application\/ld+json\" class=\"yoast-schema-graph\">{\"@context\":\"https:\/\/schema.org\",\"@graph\":[{\"@type\":\"WebPage\",\"@id\":\"https:\/\/ingenieriabiologicaymedica.uc.cl\/en\/education-programs\/courses-and-programming\/\",\"url\":\"https:\/\/ingenieriabiologicaymedica.uc.cl\/en\/education-programs\/courses-and-programming\/\",\"name\":\"Courses and programming%\",\"isPartOf\":{\"@id\":\"https:\/\/ingenieriabiologicaymedica.uc.cl\/#website\"},\"primaryImageOfPage\":{\"@id\":\"https:\/\/ingenieriabiologicaymedica.uc.cl\/en\/education-programs\/courses-and-programming\/#primaryimage\"},\"image\":{\"@id\":\"https:\/\/ingenieriabiologicaymedica.uc.cl\/en\/education-programs\/courses-and-programming\/#primaryimage\"},\"thumbnailUrl\":\"https:\/\/ingenieriabiologicaymedica.uc.cl\/wp-content\/uploads\/2025\/08\/cursos-01.jpg\",\"datePublished\":\"2024-05-29T18:30:12+00:00\",\"dateModified\":\"2025-07-17T20:09:48+00:00\",\"description\":\"continuing education in biomedicine and engineering with workshops, diploma courses and specialized activities.\",\"breadcrumb\":{\"@id\":\"https:\/\/ingenieriabiologicaymedica.uc.cl\/en\/education-programs\/courses-and-programming\/#breadcrumb\"},\"inLanguage\":\"en-US\",\"potentialAction\":[{\"@type\":\"ReadAction\",\"target\":[\"https:\/\/ingenieriabiologicaymedica.uc.cl\/en\/education-programs\/courses-and-programming\/\"]}]},{\"@type\":\"ImageObject\",\"inLanguage\":\"en-US\",\"@id\":\"https:\/\/ingenieriabiologicaymedica.uc.cl\/en\/education-programs\/courses-and-programming\/#primaryimage\",\"url\":\"https:\/\/ingenieriabiologicaymedica.uc.cl\/wp-content\/uploads\/2025\/08\/cursos-01.jpg\",\"contentUrl\":\"https:\/\/ingenieriabiologicaymedica.uc.cl\/wp-content\/uploads\/2025\/08\/cursos-01.jpg\",\"width\":2000,\"height\":600},{\"@type\":\"BreadcrumbList\",\"@id\":\"https:\/\/ingenieriabiologicaymedica.uc.cl\/en\/education-programs\/courses-and-programming\/#breadcrumb\",\"itemListElement\":[{\"@type\":\"ListItem\",\"position\":1,\"name\":\"Portada\",\"item\":\"https:\/\/ingenieriabiologicaymedica.uc.cl\/en\/home\/\"},{\"@type\":\"ListItem\",\"position\":2,\"name\":\"Study Programs\",\"item\":\"https:\/\/ingenieriabiologicaymedica.uc.cl\/en\/education-programs\/\"},{\"@type\":\"ListItem\",\"position\":3,\"name\":\"Courses and programming\"}]},{\"@type\":\"WebSite\",\"@id\":\"https:\/\/ingenieriabiologicaymedica.uc.cl\/#website\",\"url\":\"https:\/\/ingenieriabiologicaymedica.uc.cl\/\",\"name\":\"Institute for Biological and Medical Engineering\",\"description\":\"Leaders in Bioengineering, Research, and Innovation\",\"potentialAction\":[{\"@type\":\"SearchAction\",\"target\":{\"@type\":\"EntryPoint\",\"urlTemplate\":\"https:\/\/ingenieriabiologicaymedica.uc.cl\/?s={search_term_string}\"},\"query-input\":{\"@type\":\"PropertyValueSpecification\",\"valueRequired\":true,\"valueName\":\"search_term_string\"}}],\"inLanguage\":\"en-US\"}]}<\/script>\n<!-- \/ Yoast SEO plugin. -->","yoast_head_json":{"title":"Courses and programming%","description":"continuing education in biomedicine and engineering with workshops, diploma courses and specialized activities.","robots":{"index":"index","follow":"follow","max-snippet":"max-snippet:-1","max-image-preview":"max-image-preview:large","max-video-preview":"max-video-preview:-1"},"canonical":"https:\/\/ingenieriabiologicaymedica.uc.cl\/en\/education-programs\/courses-and-programming\/","og_locale":"en_US","og_type":"article","og_title":"Courses and programming%","og_description":"continuing education in biomedicine and engineering with workshops, diploma courses and specialized activities.","og_url":"https:\/\/ingenieriabiologicaymedica.uc.cl\/en\/education-programs\/courses-and-programming\/","og_site_name":"Institute for Biological and Medical Engineering","article_modified_time":"2025-07-17T20:09:48+00:00","og_image":[{"width":2560,"height":1707,"url":"https:\/\/ingenieriabiologicaymedica.uc.cl\/wp-content\/uploads\/2025\/07\/4-Cursos-y-programacion-scaled.jpg","type":"image\/jpeg"}],"twitter_card":"summary_large_image","schema":{"@context":"https:\/\/schema.org","@graph":[{"@type":"WebPage","@id":"https:\/\/ingenieriabiologicaymedica.uc.cl\/en\/education-programs\/courses-and-programming\/","url":"https:\/\/ingenieriabiologicaymedica.uc.cl\/en\/education-programs\/courses-and-programming\/","name":"Courses and programming%","isPartOf":{"@id":"https:\/\/ingenieriabiologicaymedica.uc.cl\/#website"},"primaryImageOfPage":{"@id":"https:\/\/ingenieriabiologicaymedica.uc.cl\/en\/education-programs\/courses-and-programming\/#primaryimage"},"image":{"@id":"https:\/\/ingenieriabiologicaymedica.uc.cl\/en\/education-programs\/courses-and-programming\/#primaryimage"},"thumbnailUrl":"https:\/\/ingenieriabiologicaymedica.uc.cl\/wp-content\/uploads\/2025\/08\/cursos-01.jpg","datePublished":"2024-05-29T18:30:12+00:00","dateModified":"2025-07-17T20:09:48+00:00","description":"continuing education in biomedicine and engineering with workshops, diploma courses and specialized activities.","breadcrumb":{"@id":"https:\/\/ingenieriabiologicaymedica.uc.cl\/en\/education-programs\/courses-and-programming\/#breadcrumb"},"inLanguage":"en-US","potentialAction":[{"@type":"ReadAction","target":["https:\/\/ingenieriabiologicaymedica.uc.cl\/en\/education-programs\/courses-and-programming\/"]}]},{"@type":"ImageObject","inLanguage":"en-US","@id":"https:\/\/ingenieriabiologicaymedica.uc.cl\/en\/education-programs\/courses-and-programming\/#primaryimage","url":"https:\/\/ingenieriabiologicaymedica.uc.cl\/wp-content\/uploads\/2025\/08\/cursos-01.jpg","contentUrl":"https:\/\/ingenieriabiologicaymedica.uc.cl\/wp-content\/uploads\/2025\/08\/cursos-01.jpg","width":2000,"height":600},{"@type":"BreadcrumbList","@id":"https:\/\/ingenieriabiologicaymedica.uc.cl\/en\/education-programs\/courses-and-programming\/#breadcrumb","itemListElement":[{"@type":"ListItem","position":1,"name":"Portada","item":"https:\/\/ingenieriabiologicaymedica.uc.cl\/en\/home\/"},{"@type":"ListItem","position":2,"name":"Study Programs","item":"https:\/\/ingenieriabiologicaymedica.uc.cl\/en\/education-programs\/"},{"@type":"ListItem","position":3,"name":"Courses and programming"}]},{"@type":"WebSite","@id":"https:\/\/ingenieriabiologicaymedica.uc.cl\/#website","url":"https:\/\/ingenieriabiologicaymedica.uc.cl\/","name":"Institute for Biological and Medical Engineering","description":"Leaders in Bioengineering, Research, and Innovation","potentialAction":[{"@type":"SearchAction","target":{"@type":"EntryPoint","urlTemplate":"https:\/\/ingenieriabiologicaymedica.uc.cl\/?s={search_term_string}"},"query-input":{"@type":"PropertyValueSpecification","valueRequired":true,"valueName":"search_term_string"}}],"inLanguage":"en-US"}]}},"_links":{"self":[{"href":"https:\/\/ingenieriabiologicaymedica.uc.cl\/en\/wp-json\/wp\/v2\/pages\/878","targetHints":{"allow":["GET"]}}],"collection":[{"href":"https:\/\/ingenieriabiologicaymedica.uc.cl\/en\/wp-json\/wp\/v2\/pages"}],"about":[{"href":"https:\/\/ingenieriabiologicaymedica.uc.cl\/en\/wp-json\/wp\/v2\/types\/page"}],"author":[{"embeddable":true,"href":"https:\/\/ingenieriabiologicaymedica.uc.cl\/en\/wp-json\/wp\/v2\/users\/1"}],"replies":[{"embeddable":true,"href":"https:\/\/ingenieriabiologicaymedica.uc.cl\/en\/wp-json\/wp\/v2\/comments?post=878"}],"version-history":[{"count":1,"href":"https:\/\/ingenieriabiologicaymedica.uc.cl\/en\/wp-json\/wp\/v2\/pages\/878\/revisions"}],"predecessor-version":[{"id":879,"href":"https:\/\/ingenieriabiologicaymedica.uc.cl\/en\/wp-json\/wp\/v2\/pages\/878\/revisions\/879"}],"up":[{"embeddable":true,"href":"https:\/\/ingenieriabiologicaymedica.uc.cl\/en\/wp-json\/wp\/v2\/pages\/1169"}],"wp:featuredmedia":[{"embeddable":true,"href":"https:\/\/ingenieriabiologicaymedica.uc.cl\/en\/wp-json\/wp\/v2\/media\/2132"}],"wp:attachment":[{"href":"https:\/\/ingenieriabiologicaymedica.uc.cl\/en\/wp-json\/wp\/v2\/media?parent=878"}],"curies":[{"name":"wp","href":"https:\/\/api.w.org\/{rel}","templated":true}]}}