{"id":875,"date":"2024-04-29T12:19:06","date_gmt":"2024-04-29T15:19:06","guid":{"rendered":"https:\/\/ingenieriabiologicaymedica.uc.cl\/administration\/"},"modified":"2025-10-20T21:34:21","modified_gmt":"2025-10-21T00:34:21","slug":"administration","status":"publish","type":"page","link":"https:\/\/ingenieriabiologicaymedica.uc.cl\/en\/our-team\/administration\/","title":{"rendered":"Administrative team"},"content":{"rendered":"<div id=\"pl-875\"  class=\"panel-layout\" ><div class=\"mb-40\"><div id=\"pg-875-0\"  class=\"container\" ><div class=\"mb-40 row panel-row-style panel-row-style-for-875-0\" ><div id=\"pgc-875-0-0\" ><div id=\"panel-875-0-0-0\" class=\"so-panel widget widget_sow-personas-uc panel-first-child panel-last-child\" data-index=\"0\" ><div\n\t\t\t\n\t\t\tclass=\"so-widget-sow-personas-uc so-widget-sow-personas-uc-default-d75171398898-875\"\n\t\t\t\n\t\t>\n\n\n    <div class=\"row\">\n                    <div class=\"col-lg-3 col-sm-6 mb-40\">\n\n                <div class=\"uc-card uc-card-persona card-height--same\">\n                                        <img decoding=\"async\" src=\"https:\/\/ingenieriabiologicaymedica.uc.cl\/wp-content\/uploads\/2024\/04\/persona.png\" class=\"uc-card-img\" alt=\"Magdalena Villarroel\" \/>\n                            <div class=\"uc-card_body\">\n        <h2 class=\"h4\">\n            Magdalena Villarroel        <\/h2>\n        <div class=\"uc-text-divider divider-primary my-12\"><\/div>\n                    <p class=\"p-text--condensed p-color--gray mb-0\">\n                Communications Manager            <\/p>\n                        <!--  -->\n                                    <\/div>\n<\/div>\n            <\/div>\n                    <div class=\"col-lg-3 col-sm-6 mb-40\">\n\n                <div class=\"uc-card uc-card-persona card-height--same\">\n                                        <img decoding=\"async\" src=\"https:\/\/ingenieriabiologicaymedica.uc.cl\/wp-content\/uploads\/2024\/07\/1-Tamara-Rodriguez_2.jpg\" class=\"uc-card-img\" alt=\"Tamara Rodriguez\" \/>\n                            <div class=\"uc-card_body\">\n        <h2 class=\"h4\">\n            Tamara Rodriguez        <\/h2>\n        <div class=\"uc-text-divider divider-primary my-12\"><\/div>\n                    <p class=\"p-text--condensed p-color--gray mb-0\">\n                Head of Project and Management            <\/p>\n                        <!--  -->\n                                    <\/div>\n<\/div>\n            <\/div>\n                    <div class=\"col-lg-3 col-sm-6 mb-40\">\n\n                <div class=\"uc-card uc-card-persona card-height--same\">\n                                        <img decoding=\"async\" src=\"https:\/\/ingenieriabiologicaymedica.uc.cl\/wp-content\/uploads\/2024\/04\/karina_bermeo_2.jpg\" class=\"uc-card-img\" alt=\"Karina Bermeo\" \/>\n                            <div class=\"uc-card_body\">\n        <h2 class=\"h4\">\n            Karina Bermeo        <\/h2>\n        <div class=\"uc-text-divider divider-primary my-12\"><\/div>\n                    <p class=\"p-text--condensed p-color--gray mb-0\">\n                Secretary            <\/p>\n                        <!--  -->\n                                    <\/div>\n<\/div>\n            <\/div>\n                    <div class=\"col-lg-3 col-sm-6 mb-40\">\n\n                <div class=\"uc-card uc-card-persona card-height--same\">\n                                        <img decoding=\"async\" src=\"https:\/\/ingenieriabiologicaymedica.uc.cl\/wp-content\/uploads\/2024\/09\/4-Camila-Blanlot_2.jpg\" class=\"uc-card-img\" alt=\"Camila Blanlot\" \/>\n                            <div class=\"uc-card_body\">\n        <h2 class=\"h4\">\n            Camila Blanlot        <\/h2>\n        <div class=\"uc-text-divider divider-primary my-12\"><\/div>\n                    <p class=\"p-text--condensed p-color--gray mb-0\">\n                Laboratory Manager            <\/p>\n                        <!--  -->\n                                    <\/div>\n<\/div>\n            <\/div>\n                    <div class=\"col-lg-3 col-sm-6 mb-40\">\n\n                <div class=\"uc-card uc-card-persona card-height--same\">\n                                        <img decoding=\"async\" src=\"https:\/\/ingenieriabiologicaymedica.uc.cl\/wp-content\/uploads\/2025\/07\/5-Katherinne-Villaman_3.jpg\" class=\"uc-card-img\" alt=\"Katherinne Vill\u00e1m\u00e1n\" \/>\n                            <div class=\"uc-card_body\">\n        <h2 class=\"h4\">\n            Katherinne Vill\u00e1m\u00e1n        <\/h2>\n        <div class=\"uc-text-divider divider-primary my-12\"><\/div>\n                    <p class=\"p-text--condensed p-color--gray mb-0\">\n                Internal Processes Coordinator            <\/p>\n                        <!--  -->\n                                    <\/div>\n<\/div>\n            <\/div>\n                    <div class=\"col-lg-3 col-sm-6 mb-40\">\n\n                <div class=\"uc-card uc-card-persona card-height--same\">\n                                        <img decoding=\"async\" src=\"https:\/\/ingenieriabiologicaymedica.uc.cl\/wp-content\/uploads\/2024\/04\/maria-jose-3.jpg\" class=\"uc-card-img\" alt=\"Mar\u00eda Jos\u00e9 Abarca\" \/>\n                            <div class=\"uc-card_body\">\n        <h2 class=\"h4\">\n            Mar\u00eda Jos\u00e9 Abarca        <\/h2>\n        <div class=\"uc-text-divider divider-primary my-12\"><\/div>\n                    <p class=\"p-text--condensed p-color--gray mb-0\">\n                Academic Coordinator            <\/p>\n                        <!--  -->\n                                    <\/div>\n<\/div>\n            <\/div>\n                    <div class=\"col-lg-3 col-sm-6 mb-40\">\n\n                <div class=\"uc-card uc-card-persona card-height--same\">\n                                        <img decoding=\"async\" src=\"https:\/\/ingenieriabiologicaymedica.uc.cl\/wp-content\/uploads\/2025\/07\/Gonzalo_Ansoleaga_.jpg\" class=\"uc-card-img\" alt=\"Gonzalo Ansoleaga\" \/>\n                            <div class=\"uc-card_body\">\n        <h2 class=\"h4\">\n            Gonzalo Ansoleaga        <\/h2>\n        <div class=\"uc-text-divider divider-primary my-12\"><\/div>\n                    <p class=\"p-text--condensed p-color--gray mb-0\">\n                Communications Coordinator            <\/p>\n                        <!--  -->\n                                    <\/div>\n<\/div>\n            <\/div>\n            <\/div>\n\n\n<\/div><\/div><\/div><\/div><\/div><\/div><\/div>","protected":false},"excerpt":{"rendered":"<p>Magdalena Villarroel Communications Manager Tamara Rodriguez Head of Project and Management Karina Bermeo Secretary Camila Blanlot Laboratory Manager Katherinne Vill\u00e1m\u00e1n Internal Processes Coordinator Mar\u00eda Jos\u00e9 Abarca Academic Coordinator Gonzalo Ansoleaga Communications Coordinator<\/p>\n","protected":false},"author":1,"featured_media":2328,"parent":890,"menu_order":0,"comment_status":"closed","ping_status":"closed","template":"","meta":{"footnotes":""},"class_list":["post-875","page","type-page","status-publish","has-post-thumbnail","hentry"],"yoast_head":"<!-- This site is optimized with the Yoast SEO plugin v27.2 - https:\/\/yoast.com\/product\/yoast-seo-wordpress\/ -->\n<title>Administrative team%<\/title>\n<meta name=\"description\" content=\"Key professionals in management and operational support to promote research and training in biomedicine and engineering.\" \/>\n<meta name=\"robots\" content=\"index, follow, max-snippet:-1, max-image-preview:large, max-video-preview:-1\" \/>\n<link rel=\"canonical\" href=\"https:\/\/ingenieriabiologicaymedica.uc.cl\/en\/our-team\/administration\/\" \/>\n<meta property=\"og:locale\" content=\"en_US\" \/>\n<meta property=\"og:type\" content=\"article\" \/>\n<meta property=\"og:title\" content=\"Administrative team%\" \/>\n<meta property=\"og:description\" content=\"Key professionals in management and operational support to promote research and training in biomedicine and engineering.\" \/>\n<meta property=\"og:url\" content=\"https:\/\/ingenieriabiologicaymedica.uc.cl\/en\/our-team\/administration\/\" \/>\n<meta property=\"og:site_name\" content=\"Institute for Biological and Medical Engineering\" \/>\n<meta property=\"article:modified_time\" content=\"2025-10-21T00:34:21+00:00\" \/>\n<meta property=\"og:image\" content=\"https:\/\/ingenieriabiologicaymedica.uc.cl\/wp-content\/uploads\/2025\/08\/Administracion_1.jpg\" \/>\n\t<meta property=\"og:image:width\" content=\"2000\" \/>\n\t<meta property=\"og:image:height\" content=\"660\" \/>\n\t<meta property=\"og:image:type\" content=\"image\/jpeg\" \/>\n<meta name=\"twitter:card\" content=\"summary_large_image\" \/>\n<script type=\"application\/ld+json\" class=\"yoast-schema-graph\">{\"@context\":\"https:\/\/schema.org\",\"@graph\":[{\"@type\":\"WebPage\",\"@id\":\"https:\/\/ingenieriabiologicaymedica.uc.cl\/en\/our-team\/administration\/\",\"url\":\"https:\/\/ingenieriabiologicaymedica.uc.cl\/en\/our-team\/administration\/\",\"name\":\"Administrative team%\",\"isPartOf\":{\"@id\":\"https:\/\/ingenieriabiologicaymedica.uc.cl\/#website\"},\"primaryImageOfPage\":{\"@id\":\"https:\/\/ingenieriabiologicaymedica.uc.cl\/en\/our-team\/administration\/#primaryimage\"},\"image\":{\"@id\":\"https:\/\/ingenieriabiologicaymedica.uc.cl\/en\/our-team\/administration\/#primaryimage\"},\"thumbnailUrl\":\"https:\/\/ingenieriabiologicaymedica.uc.cl\/wp-content\/uploads\/2025\/08\/Administracion_1.jpg\",\"datePublished\":\"2024-04-29T15:19:06+00:00\",\"dateModified\":\"2025-10-21T00:34:21+00:00\",\"description\":\"Key professionals in management and operational support to promote research and training in biomedicine and engineering.\",\"breadcrumb\":{\"@id\":\"https:\/\/ingenieriabiologicaymedica.uc.cl\/en\/our-team\/administration\/#breadcrumb\"},\"inLanguage\":\"en-US\",\"potentialAction\":[{\"@type\":\"ReadAction\",\"target\":[\"https:\/\/ingenieriabiologicaymedica.uc.cl\/en\/our-team\/administration\/\"]}]},{\"@type\":\"ImageObject\",\"inLanguage\":\"en-US\",\"@id\":\"https:\/\/ingenieriabiologicaymedica.uc.cl\/en\/our-team\/administration\/#primaryimage\",\"url\":\"https:\/\/ingenieriabiologicaymedica.uc.cl\/wp-content\/uploads\/2025\/08\/Administracion_1.jpg\",\"contentUrl\":\"https:\/\/ingenieriabiologicaymedica.uc.cl\/wp-content\/uploads\/2025\/08\/Administracion_1.jpg\",\"width\":2000,\"height\":660},{\"@type\":\"BreadcrumbList\",\"@id\":\"https:\/\/ingenieriabiologicaymedica.uc.cl\/en\/our-team\/administration\/#breadcrumb\",\"itemListElement\":[{\"@type\":\"ListItem\",\"position\":1,\"name\":\"Portada\",\"item\":\"https:\/\/ingenieriabiologicaymedica.uc.cl\/en\/home\/\"},{\"@type\":\"ListItem\",\"position\":2,\"name\":\"People\",\"item\":\"https:\/\/ingenieriabiologicaymedica.uc.cl\/en\/our-team\/\"},{\"@type\":\"ListItem\",\"position\":3,\"name\":\"Administrative team\"}]},{\"@type\":\"WebSite\",\"@id\":\"https:\/\/ingenieriabiologicaymedica.uc.cl\/#website\",\"url\":\"https:\/\/ingenieriabiologicaymedica.uc.cl\/\",\"name\":\"Institute for Biological and Medical Engineering\",\"description\":\"Leaders in Bioengineering, Research, and Innovation\",\"potentialAction\":[{\"@type\":\"SearchAction\",\"target\":{\"@type\":\"EntryPoint\",\"urlTemplate\":\"https:\/\/ingenieriabiologicaymedica.uc.cl\/?s={search_term_string}\"},\"query-input\":{\"@type\":\"PropertyValueSpecification\",\"valueRequired\":true,\"valueName\":\"search_term_string\"}}],\"inLanguage\":\"en-US\"}]}<\/script>\n<!-- \/ Yoast SEO plugin. -->","yoast_head_json":{"title":"Administrative team%","description":"Key professionals in management and operational support to promote research and training in biomedicine and engineering.","robots":{"index":"index","follow":"follow","max-snippet":"max-snippet:-1","max-image-preview":"max-image-preview:large","max-video-preview":"max-video-preview:-1"},"canonical":"https:\/\/ingenieriabiologicaymedica.uc.cl\/en\/our-team\/administration\/","og_locale":"en_US","og_type":"article","og_title":"Administrative team%","og_description":"Key professionals in management and operational support to promote research and training in biomedicine and engineering.","og_url":"https:\/\/ingenieriabiologicaymedica.uc.cl\/en\/our-team\/administration\/","og_site_name":"Institute for Biological and Medical Engineering","article_modified_time":"2025-10-21T00:34:21+00:00","og_image":[{"width":2000,"height":660,"url":"https:\/\/ingenieriabiologicaymedica.uc.cl\/wp-content\/uploads\/2025\/08\/Administracion_1.jpg","type":"image\/jpeg"}],"twitter_card":"summary_large_image","schema":{"@context":"https:\/\/schema.org","@graph":[{"@type":"WebPage","@id":"https:\/\/ingenieriabiologicaymedica.uc.cl\/en\/our-team\/administration\/","url":"https:\/\/ingenieriabiologicaymedica.uc.cl\/en\/our-team\/administration\/","name":"Administrative team%","isPartOf":{"@id":"https:\/\/ingenieriabiologicaymedica.uc.cl\/#website"},"primaryImageOfPage":{"@id":"https:\/\/ingenieriabiologicaymedica.uc.cl\/en\/our-team\/administration\/#primaryimage"},"image":{"@id":"https:\/\/ingenieriabiologicaymedica.uc.cl\/en\/our-team\/administration\/#primaryimage"},"thumbnailUrl":"https:\/\/ingenieriabiologicaymedica.uc.cl\/wp-content\/uploads\/2025\/08\/Administracion_1.jpg","datePublished":"2024-04-29T15:19:06+00:00","dateModified":"2025-10-21T00:34:21+00:00","description":"Key professionals in management and operational support to promote research and training in biomedicine and engineering.","breadcrumb":{"@id":"https:\/\/ingenieriabiologicaymedica.uc.cl\/en\/our-team\/administration\/#breadcrumb"},"inLanguage":"en-US","potentialAction":[{"@type":"ReadAction","target":["https:\/\/ingenieriabiologicaymedica.uc.cl\/en\/our-team\/administration\/"]}]},{"@type":"ImageObject","inLanguage":"en-US","@id":"https:\/\/ingenieriabiologicaymedica.uc.cl\/en\/our-team\/administration\/#primaryimage","url":"https:\/\/ingenieriabiologicaymedica.uc.cl\/wp-content\/uploads\/2025\/08\/Administracion_1.jpg","contentUrl":"https:\/\/ingenieriabiologicaymedica.uc.cl\/wp-content\/uploads\/2025\/08\/Administracion_1.jpg","width":2000,"height":660},{"@type":"BreadcrumbList","@id":"https:\/\/ingenieriabiologicaymedica.uc.cl\/en\/our-team\/administration\/#breadcrumb","itemListElement":[{"@type":"ListItem","position":1,"name":"Portada","item":"https:\/\/ingenieriabiologicaymedica.uc.cl\/en\/home\/"},{"@type":"ListItem","position":2,"name":"People","item":"https:\/\/ingenieriabiologicaymedica.uc.cl\/en\/our-team\/"},{"@type":"ListItem","position":3,"name":"Administrative team"}]},{"@type":"WebSite","@id":"https:\/\/ingenieriabiologicaymedica.uc.cl\/#website","url":"https:\/\/ingenieriabiologicaymedica.uc.cl\/","name":"Institute for Biological and Medical Engineering","description":"Leaders in Bioengineering, Research, and Innovation","potentialAction":[{"@type":"SearchAction","target":{"@type":"EntryPoint","urlTemplate":"https:\/\/ingenieriabiologicaymedica.uc.cl\/?s={search_term_string}"},"query-input":{"@type":"PropertyValueSpecification","valueRequired":true,"valueName":"search_term_string"}}],"inLanguage":"en-US"}]}},"_links":{"self":[{"href":"https:\/\/ingenieriabiologicaymedica.uc.cl\/en\/wp-json\/wp\/v2\/pages\/875","targetHints":{"allow":["GET"]}}],"collection":[{"href":"https:\/\/ingenieriabiologicaymedica.uc.cl\/en\/wp-json\/wp\/v2\/pages"}],"about":[{"href":"https:\/\/ingenieriabiologicaymedica.uc.cl\/en\/wp-json\/wp\/v2\/types\/page"}],"author":[{"embeddable":true,"href":"https:\/\/ingenieriabiologicaymedica.uc.cl\/en\/wp-json\/wp\/v2\/users\/1"}],"replies":[{"embeddable":true,"href":"https:\/\/ingenieriabiologicaymedica.uc.cl\/en\/wp-json\/wp\/v2\/comments?post=875"}],"version-history":[{"count":8,"href":"https:\/\/ingenieriabiologicaymedica.uc.cl\/en\/wp-json\/wp\/v2\/pages\/875\/revisions"}],"predecessor-version":[{"id":2426,"href":"https:\/\/ingenieriabiologicaymedica.uc.cl\/en\/wp-json\/wp\/v2\/pages\/875\/revisions\/2426"}],"up":[{"embeddable":true,"href":"https:\/\/ingenieriabiologicaymedica.uc.cl\/en\/wp-json\/wp\/v2\/pages\/890"}],"wp:featuredmedia":[{"embeddable":true,"href":"https:\/\/ingenieriabiologicaymedica.uc.cl\/en\/wp-json\/wp\/v2\/media\/2328"}],"wp:attachment":[{"href":"https:\/\/ingenieriabiologicaymedica.uc.cl\/en\/wp-json\/wp\/v2\/media?parent=875"}],"curies":[{"name":"wp","href":"https:\/\/api.w.org\/{rel}","templated":true}]}}